{"id":34,"date":"2019-04-07T20:37:55","date_gmt":"2019-04-07T18:37:55","guid":{"rendered":"http:\/\/www.triforminstitute.com\/?page_id=34"},"modified":"2026-03-05T10:32:59","modified_gmt":"2026-03-05T09:32:59","slug":"formacion","status":"publish","type":"page","link":"https:\/\/www.triforminstitute.com\/index.php\/formacion\/","title":{"rendered":"M\u00e1ster en Triformaci\u00f3n Social y Desarrollo de Equipos"},"content":{"rendered":"<p><span style=\"color: #b52828; font-size: 18pt;\"><strong>M\u00e1ster en TRIFORMACI\u00d3N SOCIAL y DESARROLLO DE EQUIPOS 2026 &#8211; 2027 Madrid<\/strong><\/span><\/p>\n<p>6 fines de semana:<\/p>\n<ul>\n<li>S\u00e1bados 16:00 &#8211; 20:30 horas<\/li>\n<li>Domingos 9:30 &#8211; 14:00 horas<\/li>\n<\/ul>\n<p>Fechas:<\/p>\n<ul>\n<li>10 y 11 oct 2026<\/li>\n<li>14 y 15 nov 2026<\/li>\n<li>12 y 13 dic 2026<\/li>\n<li>23 y 24ene 2027<\/li>\n<li>13 y 14 feb 2027<\/li>\n<li>27 y 28 feb 2027<\/li>\n<\/ul>\n<p><strong>En qu\u00e9 consiste:<\/strong><\/p>\n<p>Este M\u00e1ster tiene como objetivo poner en pr\u00e1ctica conocimientos y herramientas para iniciar un profundo proceso de transformaci\u00f3n personal, de equipo y social, con un impacto significativo tanto en la vida individual como en los grupos sociales en los que participan los alumnos. A lo largo del programa se trabaja el desarrollo individual y colectivo, la comprensi\u00f3n y el liderazgo de las crisis, as\u00ed como el fortalecimiento del coraje, la perseverancia y la libertad interior. Adem\u00e1s, se fomentan la escucha activa y las habilidades comunicativas dentro del equipo, se aplican herramientas propias de los equipos de alto rendimiento y se impulsa la motivaci\u00f3n y la confianza para favorecer un compromiso s\u00f3lido y duradero.<\/p>\n<p><strong><a href=\"https:\/\/triforminstitute.es\/master-triformacion\">M\u00e1s informaci\u00f3n<\/a><\/strong><\/p>\n<p>Imparten la formaci\u00f3n:<\/p>\n<ul>\n<li>Anna Dal Passo<\/li>\n<li>Christian Palamar<\/li>\n<li>Charo Redondo<\/li>\n<\/ul>\n<p>Inscripci\u00f3n y condiciones en:\u00a0<strong>admin@triforminstitute.com<\/strong><\/p>\n<p>&nbsp;<\/p>\n","protected":false},"excerpt":{"rendered":"<p>M\u00e1ster en TRIFORMACI\u00d3N SOCIAL y DESARROLLO DE EQUIPOS 2026 &#8211; 2027 Madrid 6 fines de semana: S\u00e1bados 16:00 &#8211; 20:30 horas Domingos 9:30 &#8211; 14:00 horas Fechas: 10 y 11 oct 2026 14 y 15 nov 2026 12 y 13 dic 2026 23 y 24ene 2027 13 y 14 feb 2027 27 y 28 feb &hellip; <\/p>\n<p class=\"link-more\"><a href=\"https:\/\/www.triforminstitute.com\/index.php\/formacion\/\" class=\"more-link\">Seguir leyendo<span class=\"screen-reader-text\"> \u00abM\u00e1ster en Triformaci\u00f3n Social y Desarrollo de Equipos\u00bb<\/span><\/a><\/p>\n","protected":false},"author":1,"featured_media":0,"parent":0,"menu_order":0,"comment_status":"closed","ping_status":"closed","template":"","meta":{"footnotes":""},"class_list":["post-34","page","type-page","status-publish","hentry","entry"],"_links":{"self":[{"href":"https:\/\/www.triforminstitute.com\/index.php\/wp-json\/wp\/v2\/pages\/34"}],"collection":[{"href":"https:\/\/www.triforminstitute.com\/index.php\/wp-json\/wp\/v2\/pages"}],"about":[{"href":"https:\/\/www.triforminstitute.com\/index.php\/wp-json\/wp\/v2\/types\/page"}],"author":[{"embeddable":true,"href":"https:\/\/www.triforminstitute.com\/index.php\/wp-json\/wp\/v2\/users\/1"}],"replies":[{"embeddable":true,"href":"https:\/\/www.triforminstitute.com\/index.php\/wp-json\/wp\/v2\/comments?post=34"}],"version-history":[{"count":165,"href":"https:\/\/www.triforminstitute.com\/index.php\/wp-json\/wp\/v2\/pages\/34\/revisions"}],"predecessor-version":[{"id":5392,"href":"https:\/\/www.triforminstitute.com\/index.php\/wp-json\/wp\/v2\/pages\/34\/revisions\/5392"}],"wp:attachment":[{"href":"https:\/\/www.triforminstitute.com\/index.php\/wp-json\/wp\/v2\/media?parent=34"}],"curies":[{"name":"wp","href":"https:\/\/api.w.org\/{rel}","templated":true}]}}